{"id":1286,"date":"2017-04-03T11:09:33","date_gmt":"2017-04-03T09:09:33","guid":{"rendered":"http:\/\/metallerie-manceau.fr\/?page_id=1286"},"modified":"2021-12-28T16:45:09","modified_gmt":"2021-12-28T14:45:09","slug":"la-societe","status":"publish","type":"page","link":"https:\/\/metallerie-manceau.fr\/?page_id=1286","title":{"rendered":"LA SOCI\u00c9T\u00c9"},"content":{"rendered":"<h1 class=\"sow-headline\">NOTRE D\u00c9MARCHE QUALIT\u00c9<\/h1>\n<p><span style=\"font-family: arial, helvetica, sans-serif; font-size: 14pt; color: #403e3d;\">La soci\u00e9t\u00e9 Manceau est certifi\u00e9e <strong>Qualibat<\/strong> depuis 2008.\u00a0<\/span><span style=\"font-family: arial, helvetica, sans-serif; font-size: 14pt; color: #403e3d;\">Cette certification est une reconnaissance de notre capacit\u00e9 \u00e0 r\u00e9aliser des travaux, c&rsquo;est un <strong>gage de confiance<\/strong>.<\/span><\/p>\n<p style=\"text-align: left;\"><span style=\"font-family: arial, helvetica, sans-serif; font-size: 14pt;\"><strong>Qualit\u00e9<\/strong>, <strong>r\u00e9activit\u00e9<\/strong> et <strong>efficacit\u00e9<\/strong> sont les valeurs que nous mettons en avant lors de la r\u00e9alisation de nos projets. Nous nous mettons r\u00e9gul\u00e8rement en ad\u00e9quation avec les \u00e9volutions des diff\u00e9rentes activit\u00e9s que nous proposons pour <strong>devenir meilleur<\/strong>. Nous sommes partenaire de la <strong><a href=\"http:\/\/www.capeb.fr\/\" target=\"_blank\" rel=\"noopener\">CAPEB<\/a>,<\/strong> qui joue un r\u00f4le d&rsquo;information et d&rsquo;\u00e9change avec la profession et les diff\u00e9rentes sections du batiment.<br \/>\n<\/span><\/p>\n<p><a href=\"https:\/\/www.qualibat.com\/\" target=\"_blank\" rel=\"noopener\"><img loading=\"lazy\" class=\"aligncenter wp-image-1224 size-thumbnail\" src=\"https:\/\/metallerie-manceau.fr\/wp-content\/uploads\/2016\/02\/logo_qualibat-150x150.png\" alt=\"Qualibat\" width=\"150\" height=\"150\" \/><\/a><\/p>\n<h1 class=\"sow-headline\">NOS ENGAGEMENTS<\/h1>\n<p><span style=\"font-family: arial, helvetica, sans-serif; font-size: 14pt; color: #403e3d;\">La <strong>s\u00e9curit\u00e9<\/strong> est un point important que nous faisons\u00a0respecter au sein de notre soci\u00e9t\u00e9.<\/span><br \/>\n<span style=\"font-family: arial, helvetica, sans-serif; font-size: 14pt; color: #403e3d;\">Nous obligeons nos \u00e9quipes \u00e0 porter les <strong>\u00e9quipements de protection individuelle<\/strong> et d&rsquo;\u00eatre munis d&rsquo;une trousse \u00e0 pharmacie dans leur v\u00e9hicule. Nous n&rsquo;utilisons que les mat\u00e9riels auxquels nous sommes form\u00e9s; nacelles, \u00e9l\u00e9vateurs, \u00e9chafaudages&#8230;<\/span><\/p>\n<p><span style=\"font-family: arial, helvetica, sans-serif; font-size: 14pt; color: #403e3d;\">Notre engagement <strong>environnemental<\/strong> se d\u00e9crit par la <strong>collecte<\/strong> de nos d\u00e9chets dans l&rsquo;atelier comme sur chantier. Nous les trions et d\u00e9posons une fois par semaine \u00e0 la d\u00e9chetterie.<\/span><br \/>\n<span style=\"font-family: arial, helvetica, sans-serif; font-size: 14pt; color: #403e3d;\">Nous limitons les impacts sur l&rsquo;environnement par le choix de <strong>fournisseurs locaux<\/strong> et par l&rsquo;achat de produits <strong>non toxiques<\/strong> pour les personnes et pour l&rsquo;environnement.<\/span><\/p>\n","protected":false},"excerpt":{"rendered":"<p>NOTRE D\u00c9MARCHE QUALIT\u00c9 La soci\u00e9t\u00e9 Manceau est certifi\u00e9e Qualibat depuis 2008.\u00a0Cette certification est une reconnaissance de notre capacit\u00e9 \u00e0 r\u00e9aliser des travaux, c&rsquo;est un gage de confiance. Qualit\u00e9, r\u00e9activit\u00e9 et efficacit\u00e9 sont les valeurs que nous mettons en avant lors de la r\u00e9alisation de nos projets. Nous nous mettons r\u00e9gul\u00e8rement en ad\u00e9quation avec les \u00e9volutions\u2026<\/p>\n","protected":false},"author":1,"featured_media":0,"parent":0,"menu_order":0,"comment_status":"closed","ping_status":"closed","template":"","meta":[],"_links":{"self":[{"href":"https:\/\/metallerie-manceau.fr\/index.php?rest_route=\/wp\/v2\/pages\/1286"}],"collection":[{"href":"https:\/\/metallerie-manceau.fr\/index.php?rest_route=\/wp\/v2\/pages"}],"about":[{"href":"https:\/\/metallerie-manceau.fr\/index.php?rest_route=\/wp\/v2\/types\/page"}],"author":[{"embeddable":true,"href":"https:\/\/metallerie-manceau.fr\/index.php?rest_route=\/wp\/v2\/users\/1"}],"replies":[{"embeddable":true,"href":"https:\/\/metallerie-manceau.fr\/index.php?rest_route=%2Fwp%2Fv2%2Fcomments&post=1286"}],"version-history":[{"count":15,"href":"https:\/\/metallerie-manceau.fr\/index.php?rest_route=\/wp\/v2\/pages\/1286\/revisions"}],"predecessor-version":[{"id":4425,"href":"https:\/\/metallerie-manceau.fr\/index.php?rest_route=\/wp\/v2\/pages\/1286\/revisions\/4425"}],"wp:attachment":[{"href":"https:\/\/metallerie-manceau.fr\/index.php?rest_route=%2Fwp%2Fv2%2Fmedia&parent=1286"}],"curies":[{"name":"wp","href":"https:\/\/api.w.org\/{rel}","templated":true}]}}