{"id":984,"date":"2017-03-22T16:01:25","date_gmt":"2017-03-22T14:01:25","guid":{"rendered":"http:\/\/metallerie-manceau.fr\/?page_id=984"},"modified":"2021-12-28T17:24:28","modified_gmt":"2021-12-28T15:24:28","slug":"nous-rejoindre","status":"publish","type":"page","link":"https:\/\/metallerie-manceau.fr\/?page_id=984","title":{"rendered":"NOUS REJOINDRE"},"content":{"rendered":"<div id=\"pg-719-0\" class=\"panel-grid panel-has-style\" data-style=\"{&quot;padding&quot;:&quot;5px 0px 5px 0px&quot;,&quot;background_display&quot;:&quot;tile&quot;}\">\n<div class=\"panel-row-style panel-row-style-for-719-0\">\n<div id=\"pgc-719-0-0\" class=\"panel-grid-cell\" data-weight=\"1\">\n<div id=\"panel-719-0-0-0\" class=\"so-panel widget widget_sow-hero panel-first-child panel-last-child\" data-index=\"0\" data-style=\"{&quot;background_display&quot;:&quot;tile&quot;}\"><div\n\t\t\t\n\t\t\tclass=\"so-widget-sow-hero so-widget-sow-hero-default-08d5ae1c6fbe so-widget-fittext-wrapper\"\n\t\t\t data-fit-text-compressor=\"0.85\"\n\t\t>\t\t\t\t<div class=\"sow-slider-base\" style=\"display: none\" tabindex=\"0\">\n\t\t\t\t\t<ul\n\t\t\t\t\tclass=\"sow-slider-images\"\n\t\t\t\t\tdata-settings=\"{&quot;pagination&quot;:true,&quot;speed&quot;:&quot;800&quot;,&quot;timeout&quot;:&quot;8000&quot;,&quot;paused&quot;:false,&quot;pause_on_hover&quot;:false,&quot;swipe&quot;:&quot;1&quot;,&quot;nav_always_show_desktop&quot;:&quot;&quot;,&quot;nav_always_show_mobile&quot;:&quot;&quot;,&quot;breakpoint&quot;:&quot;780px&quot;,&quot;unmute&quot;:false,&quot;anchor&quot;:null}\"\n\t\t\t\t\t\t\t\t\t\tdata-anchor-id=\"\"\n\t\t\t\t>\t\t<li class=\"sow-slider-image  sow-slider-image-cover\" style=\"visibility: visible;;background-color: #333333\" >\n\t\t\t\t\t<div class=\"sow-slider-image-container\">\n\t\t\t<div class=\"sow-slider-image-wrapper\">\n\t\t\t\t&lt;h1 style=&quot;text-align: center;&quot;&gt;&lt;span style=&quot;font-family: arial, helvetica, sans-serif; font-size: 36pt;&quot;&gt;M\u00c9TALLERIE\u00a0MANCEAU&lt;\/span&gt;&lt;\/h1&gt;\t\t\t<\/div>\n\t\t<\/div>\n\t\t<div class=\"sow-slider-image-overlay sow-slider-image-cover\" style=\"opacity: 0.6;background-image: url(https:\/\/metallerie-manceau.fr\/wp-content\/uploads\/2017\/03\/escalier_bandeau.jpg)\"  ><\/div>\t\t<\/li>\n\t\t<\/ul>\t\t\t\t<ol class=\"sow-slider-pagination\">\n\t\t\t\t\t\t\t\t\t\t\t<li><a href=\"#\" data-goto=\"0\" aria-label=\"Display slide 1\"><\/a><\/li>\n\t\t\t\t\t\t\t\t\t<\/ol>\n\n\t\t\t\t<div class=\"sow-slide-nav sow-slide-nav-next\">\n\t\t\t\t\t<a href=\"#\" data-goto=\"next\" aria-label=\"Next slide\" data-action=\"next\">\n\t\t\t\t\t\t<em class=\"sow-sld-icon-thin-right\"><\/em>\n\t\t\t\t\t<\/a>\n\t\t\t\t<\/div>\n\n\t\t\t\t<div class=\"sow-slide-nav sow-slide-nav-prev\">\n\t\t\t\t\t<a href=\"#\" data-goto=\"previous\" aria-label=\"Previous slide\" data-action=\"prev\">\n\t\t\t\t\t\t<em class=\"sow-sld-icon-thin-left\"><\/em>\n\t\t\t\t\t<\/a>\n\t\t\t\t<\/div>\n\t\t\t\t<\/div><\/div><\/div>\n<\/div>\n<\/div>\n<\/div>\n<div id=\"pg-719-1\" class=\"panel-grid panel-no-style\" data-style=\"{&quot;background_display&quot;:&quot;tile&quot;}\">\n<div id=\"pgc-719-1-0\" class=\"panel-grid-cell\" data-weight=\"1\">\n<div id=\"panel-719-1-0-0\" class=\"so-panel widget widget_black-studio-tinymce widget_black_studio_tinymce panel-first-child panel-last-child\" data-index=\"1\" data-style=\"{&quot;background_image_attachment&quot;:false,&quot;background_display&quot;:&quot;tile&quot;}\">\n<div class=\"textwidget\">\n<p style=\"text-align: left;\">\n<\/div>\n<\/div>\n<\/div>\n<\/div>\n<h1 class=\"sow-headline\">VOUS SOUHAITEZ NOUS REJOINDRE<\/h1>\n<p><span style=\"font-family: arial, helvetica, sans-serif; font-size: 14pt;\">La soci\u00e9t\u00e9 Manceau <strong>\u00e9volue<\/strong> et <strong>recherche en permanence des collaborateurs<\/strong> pour r\u00e9aliser ses projets et ses objectifs. Vos <strong>comp\u00e9tences<\/strong> et <strong>exp\u00e9riences<\/strong> sont les bienvenues au sein de notre soci\u00e9t\u00e9.<\/span><\/p>\n<ul>\n<li><span style=\"font-family: arial, helvetica, sans-serif; font-size: 14pt;\"><strong>M\u00e9tallier poseur (H\/F)<\/strong> : de formation technique orient\u00e9e <strong>m\u00e9tallerie \/ serrurerie<\/strong> et dot\u00e9(e) d&rsquo;une exp\u00e9rience significative, votre poste consistera \u00e0 <strong>pr\u00e9parer, poser et faire le SAV de fermetures industrielles<\/strong>.<br \/>\nVous \u00eates dynamique, organis\u00e9(e), responsable, autonome, \u00e0 l&rsquo;aise avec le travail en hauteur, habile manuellement et vous maitrisez les techniques de soudure, de d\u00e9bit, de pliage ainsi que la lecture de plan. Des notions d&rsquo;\u00e9lectricit\u00e9, de mise en service d&rsquo;automatisme seraient un plus.<\/span><\/li>\n<\/ul>\n<ul>\n<li><strong><span style=\"font-family: arial, helvetica, sans-serif; font-size: 14pt;\">M\u00e9tallier serrurier (H\/F)<\/span><\/strong><span style=\"font-family: arial, helvetica, sans-serif; font-size: 14pt;\"> :\u00a0de formation technique orient\u00e9e <strong>m\u00e9tallerie \/ chaudronnerie<\/strong>\u00a0et dot\u00e9(e) d&rsquo;une exp\u00e9rience\u00a0minimum de 3 ans, votre poste consistera \u00e0 <strong>r\u00e9aliser en atelier toutes sortes de projets<\/strong>; garde-corps, escaliers, structures m\u00e9talliques&#8230;<br \/>\nVous \u00eates dynamique, rigoureux(se), autonome, habile manuellement, polyvalent(e) et vous maitrisez les techniques de soudure, de d\u00e9bit, de pliage ainsi que la lecture de plan.<\/span><\/li>\n<\/ul>\n<p><span style=\"font-family: arial, helvetica, sans-serif; font-size: 14pt;\">Envoyez-nous vos candidatures par email.<strong>votre profil nous int\u00e9resse<\/strong>\u00a0!<\/span><\/p>\n","protected":false},"excerpt":{"rendered":"<p>VOUS SOUHAITEZ NOUS REJOINDRE La soci\u00e9t\u00e9 Manceau \u00e9volue et recherche en permanence des collaborateurs pour r\u00e9aliser ses projets et ses objectifs. Vos comp\u00e9tences et exp\u00e9riences sont les bienvenues au sein de notre soci\u00e9t\u00e9. M\u00e9tallier poseur (H\/F) : de formation technique orient\u00e9e m\u00e9tallerie \/ serrurerie et dot\u00e9(e) d&rsquo;une exp\u00e9rience significative, votre poste consistera \u00e0 pr\u00e9parer, poser\u2026<\/p>\n","protected":false},"author":1,"featured_media":0,"parent":0,"menu_order":0,"comment_status":"closed","ping_status":"closed","template":"home-panels.php","meta":[],"_links":{"self":[{"href":"https:\/\/metallerie-manceau.fr\/index.php?rest_route=\/wp\/v2\/pages\/984"}],"collection":[{"href":"https:\/\/metallerie-manceau.fr\/index.php?rest_route=\/wp\/v2\/pages"}],"about":[{"href":"https:\/\/metallerie-manceau.fr\/index.php?rest_route=\/wp\/v2\/types\/page"}],"author":[{"embeddable":true,"href":"https:\/\/metallerie-manceau.fr\/index.php?rest_route=\/wp\/v2\/users\/1"}],"replies":[{"embeddable":true,"href":"https:\/\/metallerie-manceau.fr\/index.php?rest_route=%2Fwp%2Fv2%2Fcomments&post=984"}],"version-history":[{"count":22,"href":"https:\/\/metallerie-manceau.fr\/index.php?rest_route=\/wp\/v2\/pages\/984\/revisions"}],"predecessor-version":[{"id":4444,"href":"https:\/\/metallerie-manceau.fr\/index.php?rest_route=\/wp\/v2\/pages\/984\/revisions\/4444"}],"wp:attachment":[{"href":"https:\/\/metallerie-manceau.fr\/index.php?rest_route=%2Fwp%2Fv2%2Fmedia&parent=984"}],"curies":[{"name":"wp","href":"https:\/\/api.w.org\/{rel}","templated":true}]}}